{"id":437,"date":"2024-10-28T00:24:45","date_gmt":"2024-10-27T21:24:45","guid":{"rendered":"https:\/\/derstakip.app\/blog\/?page_id=437"},"modified":"2024-10-28T00:33:01","modified_gmt":"2024-10-27T21:33:01","slug":"yardim","status":"publish","type":"page","link":"https:\/\/derstakip.app\/blog\/yardim\/","title":{"rendered":"DersTakip Kullan\u0131m Rehberi"},"content":{"rendered":"\n<h2 class=\"wp-block-heading\">Genel Bilgiler<\/h2>\n\n\n\n<ul class=\"wp-block-list\">\n<li><a href=\"https:\/\/derstakip.app\/blog\/derstakip-uygulamasina-nasil-kayit-olunur\/\" data-type=\"page\" data-id=\"432\">DersTakip Uygulamas\u0131na Nas\u0131l Kay\u0131t Olunur?<\/a><\/li>\n<\/ul>\n\n\n\n<h2 class=\"wp-block-heading\">Ko\u00e7 Rehberi<\/h2>\n\n\n\n<ul class=\"wp-block-list\">\n<li><a href=\"https:\/\/derstakip.app\/blog\/ders-takipe-koc-olarak-nasil-ogrenci-eklenir\/\" data-type=\"page\" data-id=\"413\">Ders Takip&#8217;e Ko\u00e7 Olarak Nas\u0131l \u00d6\u011frenci Eklenir?<\/a><\/li>\n<\/ul>\n\n\n\n<h2 class=\"wp-block-heading\">\u00d6\u011frenci Rehberi<\/h2>\n\n\n\n<ul class=\"wp-block-list\">\n<li><a href=\"https:\/\/derstakip.app\/blog\/ogretmen-davetini-kabul-etme\/\" data-type=\"page\" data-id=\"425\">\u00d6\u011fretmen Daveti Nas\u0131l Kabul Edilir?<\/a><\/li>\n<\/ul>\n","protected":false},"excerpt":{"rendered":"<p>Genel Bilgiler Ko\u00e7 Rehberi \u00d6\u011frenci Rehberi<\/p>\n","protected":false},"author":1,"featured_media":0,"parent":0,"menu_order":0,"comment_status":"closed","ping_status":"closed","template":"","meta":{"footnotes":""},"class_list":["post-437","page","type-page","status-publish","hentry"],"_links":{"self":[{"href":"https:\/\/derstakip.app\/blog\/wp-json\/wp\/v2\/pages\/437","targetHints":{"allow":["GET"]}}],"collection":[{"href":"https:\/\/derstakip.app\/blog\/wp-json\/wp\/v2\/pages"}],"about":[{"href":"https:\/\/derstakip.app\/blog\/wp-json\/wp\/v2\/types\/page"}],"author":[{"embeddable":true,"href":"https:\/\/derstakip.app\/blog\/wp-json\/wp\/v2\/users\/1"}],"replies":[{"embeddable":true,"href":"https:\/\/derstakip.app\/blog\/wp-json\/wp\/v2\/comments?post=437"}],"version-history":[{"count":1,"href":"https:\/\/derstakip.app\/blog\/wp-json\/wp\/v2\/pages\/437\/revisions"}],"predecessor-version":[{"id":439,"href":"https:\/\/derstakip.app\/blog\/wp-json\/wp\/v2\/pages\/437\/revisions\/439"}],"wp:attachment":[{"href":"https:\/\/derstakip.app\/blog\/wp-json\/wp\/v2\/media?parent=437"}],"curies":[{"name":"wp","href":"https:\/\/api.w.org\/{rel}","templated":true}]}}