{"id":432,"date":"2024-10-28T00:20:17","date_gmt":"2024-10-27T21:20:17","guid":{"rendered":"https:\/\/derstakip.app\/blog\/?page_id=432"},"modified":"2024-10-28T00:32:17","modified_gmt":"2024-10-27T21:32:17","slug":"derstakip-uygulamasina-nasil-kayit-olunur","status":"publish","type":"page","link":"https:\/\/derstakip.app\/blog\/yardim\/derstakip-uygulamasina-nasil-kayit-olunur\/","title":{"rendered":"DersTakip Uygulamas\u0131na Nas\u0131l Kay\u0131t Olunur?"},"content":{"rendered":"\n<p>DersTakip uygulamas\u0131na kay\u0131t olarak toplulu\u011fa kat\u0131labilir, \u00f6\u011frenci takibi yapabilir ve e\u011fitim s\u00fcre\u00e7lerinizi daha d\u00fczenli bir \u015fekilde y\u00f6netebilirsiniz. A\u015fa\u011f\u0131daki ad\u0131mlar\u0131 izleyerek uygulamaya kolayca kay\u0131t olabilirsiniz.<\/p>\n\n\n\n<h4 class=\"wp-block-heading\">1. Hesap Sayfas\u0131na Git<\/h4>\n\n\n\n<p>Ana sayfada sa\u011f alt k\u00f6\u015fede bulunan \u201cHesap\u201d simgesine t\u0131klay\u0131n. Bu simge, iki ki\u015filik bir ikonla g\u00f6sterilmektedir. (G\u00f6rsel 1)<\/p>\n\n\n\n<figure class=\"wp-block-image size-large\"><img decoding=\"async\" width=\"473\" height=\"1024\" src=\"https:\/\/derstakip.app\/blog\/wp-content\/uploads\/2024\/10\/1-473x1024.png\" alt=\"Hesap simgesine bas\u0131n\" class=\"wp-image-416\" srcset=\"https:\/\/derstakip.app\/blog\/wp-content\/uploads\/2024\/10\/1-473x1024.png 473w, https:\/\/derstakip.app\/blog\/wp-content\/uploads\/2024\/10\/1-138x300.png 138w, https:\/\/derstakip.app\/blog\/wp-content\/uploads\/2024\/10\/1-768x1664.png 768w, https:\/\/derstakip.app\/blog\/wp-content\/uploads\/2024\/10\/1-709x1536.png 709w, https:\/\/derstakip.app\/blog\/wp-content\/uploads\/2024\/10\/1-945x2048.png 945w, https:\/\/derstakip.app\/blog\/wp-content\/uploads\/2024\/10\/1.png 1440w\" sizes=\"(max-width: 473px) 100vw, 473px\" \/><figcaption class=\"wp-element-caption\">(G\u00f6rsel 1)<\/figcaption><\/figure>\n\n\n\n<h4 class=\"wp-block-heading\">2. &#8220;Toplulu\u011fa Kat\u0131l&#8221; Ekran\u0131na Ge\u00e7i\u015f Yap\u0131n<\/h4>\n\n\n\n<p>Hesap sayfas\u0131nda \u201cToplulu\u011fa Kat\u0131l\u201d ekran\u0131 a\u00e7\u0131lacakt\u0131r. Burada kay\u0131t veya giri\u015f yaparak DersTakip toplulu\u011funa dahil olabilirsiniz. (G\u00f6rsel 2)<\/p>\n\n\n\n<figure class=\"wp-block-image size-large\"><img decoding=\"async\" width=\"473\" height=\"1024\" src=\"https:\/\/derstakip.app\/blog\/wp-content\/uploads\/2024\/10\/Screenshot_1729933754-473x1024.png\" alt=\"Derstakip kay\u0131t olma \/ giri\u015f yapma ekran\u0131\" class=\"wp-image-433\" srcset=\"https:\/\/derstakip.app\/blog\/wp-content\/uploads\/2024\/10\/Screenshot_1729933754-473x1024.png 473w, https:\/\/derstakip.app\/blog\/wp-content\/uploads\/2024\/10\/Screenshot_1729933754-138x300.png 138w, https:\/\/derstakip.app\/blog\/wp-content\/uploads\/2024\/10\/Screenshot_1729933754-768x1664.png 768w, https:\/\/derstakip.app\/blog\/wp-content\/uploads\/2024\/10\/Screenshot_1729933754-709x1536.png 709w, https:\/\/derstakip.app\/blog\/wp-content\/uploads\/2024\/10\/Screenshot_1729933754-945x2048.png 945w, https:\/\/derstakip.app\/blog\/wp-content\/uploads\/2024\/10\/Screenshot_1729933754.png 1440w\" sizes=\"(max-width: 473px) 100vw, 473px\" \/><figcaption class=\"wp-element-caption\">(G\u00f6rsel 2)<\/figcaption><\/figure>\n\n\n\n<h4 class=\"wp-block-heading\">3. Kay\u0131t Olun<\/h4>\n\n\n\n<p>Kay\u0131t i\u015flemini ba\u015flatmak i\u00e7in \u201cKay\u0131t Ol\u201d butonuna t\u0131klay\u0131n. Bu se\u00e7enek ile e-posta adresiniz ile kay\u0131t olabilirsiniz. Alternatif olarak, Facebook veya Google hesaplar\u0131n\u0131zla da ba\u011flanabilirsiniz.<\/p>\n\n\n\n<h4 class=\"wp-block-heading\">4. Bilgilerinizi Girin<\/h4>\n\n\n\n<p>Kay\u0131t i\u015flemini tamamlamak i\u00e7in gerekli bilgileri doldurun ve kay\u0131t i\u015flemini tamamlay\u0131n. Art\u0131k DersTakip uygulamas\u0131nda hesab\u0131n\u0131z\u0131 olu\u015fturmu\u015f olacaks\u0131n\u0131z.<\/p>\n","protected":false},"excerpt":{"rendered":"<p>DersTakip uygulamas\u0131na kay\u0131t olarak toplulu\u011fa kat\u0131labilir, \u00f6\u011frenci takibi yapabilir ve e\u011fitim s\u00fcre\u00e7lerinizi daha d\u00fczenli bir \u015fekilde y\u00f6netebilirsiniz. A\u015fa\u011f\u0131daki ad\u0131mlar\u0131 izleyerek uygulamaya kolayca kay\u0131t olabilirsiniz. 1. Hesap Sayfas\u0131na Git Ana sayfada sa\u011f alt k\u00f6\u015fede bulunan \u201cHesap\u201d simgesine t\u0131klay\u0131n. Bu simge, iki ki\u015filik bir ikonla g\u00f6sterilmektedir. (G\u00f6rsel 1) 2. &#8220;Toplulu\u011fa Kat\u0131l&#8221; Ekran\u0131na Ge\u00e7i\u015f Yap\u0131n Hesap sayfas\u0131nda \u201cToplulu\u011fa&#8230;<\/p>\n","protected":false},"author":1,"featured_media":0,"parent":437,"menu_order":0,"comment_status":"closed","ping_status":"closed","template":"","meta":{"footnotes":""},"class_list":["post-432","page","type-page","status-publish","hentry"],"_links":{"self":[{"href":"https:\/\/derstakip.app\/blog\/wp-json\/wp\/v2\/pages\/432","targetHints":{"allow":["GET"]}}],"collection":[{"href":"https:\/\/derstakip.app\/blog\/wp-json\/wp\/v2\/pages"}],"about":[{"href":"https:\/\/derstakip.app\/blog\/wp-json\/wp\/v2\/types\/page"}],"author":[{"embeddable":true,"href":"https:\/\/derstakip.app\/blog\/wp-json\/wp\/v2\/users\/1"}],"replies":[{"embeddable":true,"href":"https:\/\/derstakip.app\/blog\/wp-json\/wp\/v2\/comments?post=432"}],"version-history":[{"count":1,"href":"https:\/\/derstakip.app\/blog\/wp-json\/wp\/v2\/pages\/432\/revisions"}],"predecessor-version":[{"id":434,"href":"https:\/\/derstakip.app\/blog\/wp-json\/wp\/v2\/pages\/432\/revisions\/434"}],"up":[{"embeddable":true,"href":"https:\/\/derstakip.app\/blog\/wp-json\/wp\/v2\/pages\/437"}],"wp:attachment":[{"href":"https:\/\/derstakip.app\/blog\/wp-json\/wp\/v2\/media?parent=432"}],"curies":[{"name":"wp","href":"https:\/\/api.w.org\/{rel}","templated":true}]}}