{"id":425,"date":"2024-10-28T00:11:21","date_gmt":"2024-10-27T21:11:21","guid":{"rendered":"https:\/\/derstakip.app\/blog\/?page_id=425"},"modified":"2024-10-28T00:32:22","modified_gmt":"2024-10-27T21:32:22","slug":"ogretmen-davetini-kabul-etme","status":"publish","type":"page","link":"https:\/\/derstakip.app\/blog\/yardim\/ogretmen-davetini-kabul-etme\/","title":{"rendered":"\u00d6\u011fretmen Daveti Nas\u0131l Kabul Edilir?"},"content":{"rendered":"\n<h3 class=\"wp-block-heading\">\u00d6\u011frencinin Ko\u00e7 Davetini Kabul Etme Ad\u0131mlar\u0131<\/h3>\n\n\n\n<p>DersTakip uygulamas\u0131nda bir \u00f6\u011frencinin ko\u00e7 davetini kabul etmesi olduk\u00e7a kolay. A\u015fa\u011f\u0131daki ad\u0131mlar\u0131 izleyerek, davetinizi h\u0131zl\u0131ca kabul edebilir ve ko\u00e7unuzla \u00e7al\u0131\u015fma s\u00fcrecine ba\u015flayabilirsiniz.<\/p>\n\n\n\n<h4 class=\"wp-block-heading\">1. Hesap Sayfas\u0131na Git<\/h4>\n\n\n\n<p>Ana sayfada sa\u011f alt k\u00f6\u015fede bulunan \u201cHesap\u201d simgesine t\u0131klayarak Hesap sayfas\u0131na gidin. (G\u00f6rsel 1)<\/p>\n\n\n\n<figure class=\"wp-block-image size-large\"><img decoding=\"async\" width=\"473\" height=\"1024\" src=\"https:\/\/derstakip.app\/blog\/wp-content\/uploads\/2024\/10\/1-473x1024.png\" alt=\"Hesap simgesine bas\u0131n\" class=\"wp-image-416\" srcset=\"https:\/\/derstakip.app\/blog\/wp-content\/uploads\/2024\/10\/1-473x1024.png 473w, https:\/\/derstakip.app\/blog\/wp-content\/uploads\/2024\/10\/1-138x300.png 138w, https:\/\/derstakip.app\/blog\/wp-content\/uploads\/2024\/10\/1-768x1664.png 768w, https:\/\/derstakip.app\/blog\/wp-content\/uploads\/2024\/10\/1-709x1536.png 709w, https:\/\/derstakip.app\/blog\/wp-content\/uploads\/2024\/10\/1-945x2048.png 945w, https:\/\/derstakip.app\/blog\/wp-content\/uploads\/2024\/10\/1.png 1440w\" sizes=\"(max-width: 473px) 100vw, 473px\" \/><figcaption class=\"wp-element-caption\">(G\u00f6rsel 1) Hesap simgesine bas\u0131n<\/figcaption><\/figure>\n\n\n\n<h4 class=\"wp-block-heading\"><a href=\"https:\/\/derstakip.app\/blog\/derstakip-uygulamasina-nasil-kayit-olunur\/\" data-type=\"page\" data-id=\"432\">1.1 Kay\u0131t Olmay\u0131 \u00d6\u011frenmek \u0130\u00e7in Bu Yaz\u0131y\u0131 Ziyaret Edin (Yaz\u0131y\u0131 G\u00f6r)<\/a><\/h4>\n\n\n\n<p>E\u011fer hali haz\u0131rda kay\u0131t olup giri\u015f yapt\u0131ysan\u0131z bir sonraki a\u015famaya devam edebilirsiniz.<\/p>\n\n\n\n<h4 class=\"wp-block-heading\">2. \u00d6\u011frenci Sekmesini Se\u00e7in<\/h4>\n\n\n\n<p>Hesap sayfas\u0131na geldi\u011finizde, \u201c\u00d6\u011frenci\u201d sekmesini se\u00e7in. Bu b\u00f6l\u00fcmde bekleyen davetlerinizi g\u00f6rebilirsiniz. (G\u00f6rsel 2)<\/p>\n\n\n\n<figure class=\"wp-block-image size-large\"><img decoding=\"async\" width=\"473\" height=\"1024\" src=\"https:\/\/derstakip.app\/blog\/wp-content\/uploads\/2024\/10\/Screenshot_1730061177-473x1024.png\" alt=\"\u00d6\u011frenci sekmesini se\u00e7in\" class=\"wp-image-430\" srcset=\"https:\/\/derstakip.app\/blog\/wp-content\/uploads\/2024\/10\/Screenshot_1730061177-473x1024.png 473w, https:\/\/derstakip.app\/blog\/wp-content\/uploads\/2024\/10\/Screenshot_1730061177-138x300.png 138w, https:\/\/derstakip.app\/blog\/wp-content\/uploads\/2024\/10\/Screenshot_1730061177-768x1664.png 768w, https:\/\/derstakip.app\/blog\/wp-content\/uploads\/2024\/10\/Screenshot_1730061177-709x1536.png 709w, https:\/\/derstakip.app\/blog\/wp-content\/uploads\/2024\/10\/Screenshot_1730061177-945x2048.png 945w, https:\/\/derstakip.app\/blog\/wp-content\/uploads\/2024\/10\/Screenshot_1730061177.png 1440w\" sizes=\"(max-width: 473px) 100vw, 473px\" \/><figcaption class=\"wp-element-caption\">(G\u00f6rsel 2)<\/figcaption><\/figure>\n\n\n\n<h4 class=\"wp-block-heading\">3. Bekleyen Davetleri G\u00f6r\u00fcnt\u00fcle<\/h4>\n\n\n\n<p>\u201c1 Bekleyen ko\u00e7 daveti\u201d yaz\u0131s\u0131n\u0131 g\u00f6receksiniz. Bu yaz\u0131ya t\u0131klayarak bekleyen ko\u00e7 davetlerinizi a\u00e7\u0131n. (G\u00f6rsel 2)<\/p>\n\n\n\n<h4 class=\"wp-block-heading\">4. Daveti Kabul Et veya Reddet<\/h4>\n\n\n\n<p>A\u00e7\u0131lan ekranda, ko\u00e7unuzun ad\u0131n\u0131 ve davetini g\u00f6receksiniz. Kabul etmek i\u00e7in ye\u015fil onay i\u015faretine, reddetmek i\u00e7in ise k\u0131rm\u0131z\u0131 \u00e7arp\u0131ya t\u0131klay\u0131n. (G\u00f6rsel 3)<\/p>\n\n\n\n<figure class=\"wp-block-image size-large\"><img decoding=\"async\" width=\"473\" height=\"1024\" src=\"https:\/\/derstakip.app\/blog\/wp-content\/uploads\/2024\/10\/Screenshot_1730061182-473x1024.png\" alt=\"Daveti kabul et veya reddet\" class=\"wp-image-431\" srcset=\"https:\/\/derstakip.app\/blog\/wp-content\/uploads\/2024\/10\/Screenshot_1730061182-473x1024.png 473w, https:\/\/derstakip.app\/blog\/wp-content\/uploads\/2024\/10\/Screenshot_1730061182-138x300.png 138w, https:\/\/derstakip.app\/blog\/wp-content\/uploads\/2024\/10\/Screenshot_1730061182-768x1664.png 768w, https:\/\/derstakip.app\/blog\/wp-content\/uploads\/2024\/10\/Screenshot_1730061182-709x1536.png 709w, https:\/\/derstakip.app\/blog\/wp-content\/uploads\/2024\/10\/Screenshot_1730061182-945x2048.png 945w, https:\/\/derstakip.app\/blog\/wp-content\/uploads\/2024\/10\/Screenshot_1730061182.png 1440w\" sizes=\"(max-width: 473px) 100vw, 473px\" \/><figcaption class=\"wp-element-caption\">(G\u00f6rsel 3)<\/figcaption><\/figure>\n","protected":false},"excerpt":{"rendered":"<p>\u00d6\u011frencinin Ko\u00e7 Davetini Kabul Etme Ad\u0131mlar\u0131 DersTakip uygulamas\u0131nda bir \u00f6\u011frencinin ko\u00e7 davetini kabul etmesi olduk\u00e7a kolay. A\u015fa\u011f\u0131daki ad\u0131mlar\u0131 izleyerek, davetinizi h\u0131zl\u0131ca kabul edebilir ve ko\u00e7unuzla \u00e7al\u0131\u015fma s\u00fcrecine ba\u015flayabilirsiniz. 1. Hesap Sayfas\u0131na Git Ana sayfada sa\u011f alt k\u00f6\u015fede bulunan \u201cHesap\u201d simgesine t\u0131klayarak Hesap sayfas\u0131na gidin. (G\u00f6rsel 1) 1.1 Kay\u0131t Olmay\u0131 \u00d6\u011frenmek \u0130\u00e7in Bu Yaz\u0131y\u0131 Ziyaret Edin&#8230;<\/p>\n","protected":false},"author":1,"featured_media":0,"parent":437,"menu_order":0,"comment_status":"closed","ping_status":"closed","template":"","meta":{"footnotes":""},"class_list":["post-425","page","type-page","status-publish","hentry"],"_links":{"self":[{"href":"https:\/\/derstakip.app\/blog\/wp-json\/wp\/v2\/pages\/425","targetHints":{"allow":["GET"]}}],"collection":[{"href":"https:\/\/derstakip.app\/blog\/wp-json\/wp\/v2\/pages"}],"about":[{"href":"https:\/\/derstakip.app\/blog\/wp-json\/wp\/v2\/types\/page"}],"author":[{"embeddable":true,"href":"https:\/\/derstakip.app\/blog\/wp-json\/wp\/v2\/users\/1"}],"replies":[{"embeddable":true,"href":"https:\/\/derstakip.app\/blog\/wp-json\/wp\/v2\/comments?post=425"}],"version-history":[{"count":3,"href":"https:\/\/derstakip.app\/blog\/wp-json\/wp\/v2\/pages\/425\/revisions"}],"predecessor-version":[{"id":438,"href":"https:\/\/derstakip.app\/blog\/wp-json\/wp\/v2\/pages\/425\/revisions\/438"}],"up":[{"embeddable":true,"href":"https:\/\/derstakip.app\/blog\/wp-json\/wp\/v2\/pages\/437"}],"wp:attachment":[{"href":"https:\/\/derstakip.app\/blog\/wp-json\/wp\/v2\/media?parent=425"}],"curies":[{"name":"wp","href":"https:\/\/api.w.org\/{rel}","templated":true}]}}