{"id":413,"date":"2024-10-28T00:01:01","date_gmt":"2024-10-27T21:01:01","guid":{"rendered":"https:\/\/derstakip.app\/blog\/?page_id=413"},"modified":"2024-10-28T00:32:12","modified_gmt":"2024-10-27T21:32:12","slug":"ders-takipe-koc-olarak-nasil-ogrenci-eklenir","status":"publish","type":"page","link":"https:\/\/derstakip.app\/blog\/yardim\/ders-takipe-koc-olarak-nasil-ogrenci-eklenir\/","title":{"rendered":"Ders Takip&#8217;e Ko\u00e7 Olarak Nas\u0131l \u00d6\u011frenci Eklenir?"},"content":{"rendered":"\n<p>DersTakip uygulamas\u0131nda ko\u00e7 olarak \u00f6\u011frenci eklemek olduk\u00e7a basit. A\u015fa\u011f\u0131daki ad\u0131mlar\u0131 izleyerek, \u00f6\u011frencilerinizi uygulamaya dahil edebilir ve ilerlemelerini takip edebilirsiniz.<\/p>\n\n\n\n<ol class=\"wp-block-list\">\n<li><strong>Hesap Sayfas\u0131na Git<br><\/strong>\u0130lk olarak ana sayfada (G\u00f6rsel 1) en alt k\u0131s\u0131mda bulunan \u201cHesap\u201d simgesine t\u0131klay\u0131n. Bu simge, sayfan\u0131n sa\u011f taraf\u0131nda yer alan iki ki\u015filik bir ikonla g\u00f6sterilmi\u015ftir. (G\u00f6rsel 1)<br><br><img decoding=\"async\" width=\"280\" height=\"607\" class=\"wp-image-416\" style=\"width: 280px;\" src=\"https:\/\/derstakip.app\/blog\/wp-content\/uploads\/2024\/10\/1.png\" alt=\"Hesap simgesine bas\u0131n\" srcset=\"https:\/\/derstakip.app\/blog\/wp-content\/uploads\/2024\/10\/1.png 1440w, https:\/\/derstakip.app\/blog\/wp-content\/uploads\/2024\/10\/1-138x300.png 138w, https:\/\/derstakip.app\/blog\/wp-content\/uploads\/2024\/10\/1-473x1024.png 473w, https:\/\/derstakip.app\/blog\/wp-content\/uploads\/2024\/10\/1-768x1664.png 768w, https:\/\/derstakip.app\/blog\/wp-content\/uploads\/2024\/10\/1-709x1536.png 709w, https:\/\/derstakip.app\/blog\/wp-content\/uploads\/2024\/10\/1-945x2048.png 945w\" sizes=\"(max-width: 280px) 100vw, 280px\" \/><sub>(G\u00f6rsel 1)<\/sub><br><\/li>\n\n\n\n<li><a href=\"https:\/\/derstakip.app\/blog\/derstakip-uygulamasina-nasil-kayit-olunur\/\" data-type=\"page\" data-id=\"432\"><strong>Kay\u0131t Olmay\u0131 \u00d6\u011frenmek \u0130\u00e7in Bu Yaz\u0131y\u0131 Ziyaret Edin (Yaz\u0131y\u0131 G\u00f6r)<\/strong><\/a><br>E\u011fer hali haz\u0131rda kay\u0131t olup giri\u015f yapt\u0131ysan\u0131z bir sonraki a\u015famaya devam edebilirsiniz.<\/li>\n\n\n\n<li><strong>Ko\u00e7 Sekmesini Se\u00e7in<br><\/strong>Hesap sayfas\u0131na geldi\u011finizde, \u00fcst k\u0131s\u0131mda \u201c\u00d6\u011frenci\u201d ve \u201cKo\u00e7\u201d sekmelerini g\u00f6receksiniz. Burada &#8220;Ko\u00e7&#8221; sekmesine t\u0131klay\u0131n. Bu b\u00f6l\u00fcmde, toplulu\u011funuzdaki \u00f6\u011frencileri g\u00f6r\u00fcnt\u00fcleyebilir ve y\u00f6netebilirsiniz. (G\u00f6rsel 2)<br><br><img decoding=\"async\" width=\"280\" height=\"607\" class=\"wp-image-420\" style=\"width: 280px;\" src=\"https:\/\/derstakip.app\/blog\/wp-content\/uploads\/2024\/10\/2.png\" alt=\"Ko\u00e7 sekmesine bas\u0131n ve kullan\u0131c\u0131 listesindeki ekle'ye bas\u0131n\" srcset=\"https:\/\/derstakip.app\/blog\/wp-content\/uploads\/2024\/10\/2.png 1440w, https:\/\/derstakip.app\/blog\/wp-content\/uploads\/2024\/10\/2-138x300.png 138w, https:\/\/derstakip.app\/blog\/wp-content\/uploads\/2024\/10\/2-473x1024.png 473w, https:\/\/derstakip.app\/blog\/wp-content\/uploads\/2024\/10\/2-768x1664.png 768w, https:\/\/derstakip.app\/blog\/wp-content\/uploads\/2024\/10\/2-709x1536.png 709w, https:\/\/derstakip.app\/blog\/wp-content\/uploads\/2024\/10\/2-945x2048.png 945w\" sizes=\"(max-width: 280px) 100vw, 280px\" \/><sub>(G\u00f6rsel 2)<\/sub><br><\/li>\n\n\n\n<li><strong>\u00d6\u011frenci Ekle<br><\/strong>Ko\u00e7 sekmesindeyken, sa\u011f \u00fcst k\u00f6\u015fede bulunan \u201c+ Ekle\u201d d\u00fc\u011fmesine t\u0131klay\u0131n. Bu, \u00f6\u011frenci ekleme ekran\u0131na y\u00f6nlendirir ve davet etmek istedi\u011finiz \u00f6\u011frencilerin e-posta adresini girebilece\u011finiz bir alan a\u00e7ar. (G\u00f6rsel 2)<br><\/li>\n\n\n\n<li><strong>\u00d6\u011frenci E-posta Adresi Girin ve Davet Edin<br><\/strong>\u00d6\u011frenci ekleme ekran\u0131nda, davet etmek istedi\u011finiz \u00f6\u011frencinin e-posta adresini girin. E-posta adresini girdikten sonra, sa\u011f tarafta bulunan \u201cDavet Et\u201d butonuna t\u0131klay\u0131n. Bu i\u015flem, \u00f6\u011frenciyi davet eder ve profilinde daveti g\u00f6rebilir hale getirir. (G\u00f6rsel 3 ve G\u00f6rsel 4)<br><br><img decoding=\"async\" width=\"280\" height=\"607\" class=\"wp-image-422\" style=\"width: 280px;\" src=\"https:\/\/derstakip.app\/blog\/wp-content\/uploads\/2024\/10\/3.png\" alt=\"\u00d6\u011frenci mail adresini yaz\u0131n ve davet et'e bas\u0131n\" srcset=\"https:\/\/derstakip.app\/blog\/wp-content\/uploads\/2024\/10\/3.png 1440w, https:\/\/derstakip.app\/blog\/wp-content\/uploads\/2024\/10\/3-138x300.png 138w, https:\/\/derstakip.app\/blog\/wp-content\/uploads\/2024\/10\/3-473x1024.png 473w, https:\/\/derstakip.app\/blog\/wp-content\/uploads\/2024\/10\/3-768x1664.png 768w, https:\/\/derstakip.app\/blog\/wp-content\/uploads\/2024\/10\/3-709x1536.png 709w, https:\/\/derstakip.app\/blog\/wp-content\/uploads\/2024\/10\/3-945x2048.png 945w\" sizes=\"(max-width: 280px) 100vw, 280px\" \/><sub>(G\u00f6rsel 3)<\/sub> <img decoding=\"async\" width=\"280\" height=\"607\" class=\"wp-image-424\" style=\"width: 280px;\" src=\"https:\/\/derstakip.app\/blog\/wp-content\/uploads\/2024\/10\/4.png\" alt=\"\u00d6\u011frenciyi ba\u015far\u0131yla davet ettiniz\" srcset=\"https:\/\/derstakip.app\/blog\/wp-content\/uploads\/2024\/10\/4.png 1440w, https:\/\/derstakip.app\/blog\/wp-content\/uploads\/2024\/10\/4-138x300.png 138w, https:\/\/derstakip.app\/blog\/wp-content\/uploads\/2024\/10\/4-473x1024.png 473w, https:\/\/derstakip.app\/blog\/wp-content\/uploads\/2024\/10\/4-768x1664.png 768w, https:\/\/derstakip.app\/blog\/wp-content\/uploads\/2024\/10\/4-709x1536.png 709w, https:\/\/derstakip.app\/blog\/wp-content\/uploads\/2024\/10\/4-945x2048.png 945w\" sizes=\"(max-width: 280px) 100vw, 280px\" \/><sub> (G\u00f6rsel 4)<\/sub><br><\/li>\n\n\n\n<li>Davet G\u00f6nderildi Onay\u0131<br>Davet ba\u015far\u0131yla g\u00f6nderildi\u011finde, ekranda davet onay mesaj\u0131n\u0131 g\u00f6receksiniz. \u00d6\u011frenci daveti kabul etti\u011finde, toplulu\u011funuzdaki \u00f6\u011frenciler aras\u0131nda yer alacak ve ilerlemelerini buradan takip edebileceksiniz. (G\u00f6rsel 4)<br><\/li>\n<\/ol>\n\n\n\n<p>Bu ad\u0131mlar\u0131 takip ederek, DersTakip uygulamas\u0131nda ko\u00e7 olarak \u00f6\u011frencilerinizi kolayca ekleyebilirsiniz. Bu \u00f6zellik, \u00f6\u011frencilerinizi yak\u0131ndan takip etmenizi ve performanslar\u0131n\u0131 analiz etmenizi sa\u011flar.<\/p>\n\n\n\n<p>\u00d6\u011frencinizin davetinizi nas\u0131l kabul edece\u011fini \u00f6\u011frenmesi i\u00e7in a\u015fa\u011f\u0131daki ba\u011flant\u0131ya t\u0131klayarak ilgili sayfay\u0131 ziyaret edebilirsiniz<\/p>\n\n\n\n<p><strong><a href=\"https:\/\/derstakip.app\/blog\/ogretmen-davetini-kabul-etme\/\" data-type=\"page\" data-id=\"425\">Davet Kabul Etme Y\u00f6nergeleri<\/a><\/strong><\/p>\n\n\n\n<p>Bu sayfada, \u00f6\u011frencilerin davetleri kabul etme ad\u0131mlar\u0131 detayl\u0131 bir \u015fekilde a\u00e7\u0131klanmaktad\u0131r.<\/p>\n","protected":false},"excerpt":{"rendered":"<p>DersTakip uygulamas\u0131nda ko\u00e7 olarak \u00f6\u011frenci eklemek olduk\u00e7a basit. A\u015fa\u011f\u0131daki ad\u0131mlar\u0131 izleyerek, \u00f6\u011frencilerinizi uygulamaya dahil edebilir ve ilerlemelerini takip edebilirsiniz. Bu ad\u0131mlar\u0131 takip ederek, DersTakip uygulamas\u0131nda ko\u00e7 olarak \u00f6\u011frencilerinizi kolayca ekleyebilirsiniz. Bu \u00f6zellik, \u00f6\u011frencilerinizi yak\u0131ndan takip etmenizi ve performanslar\u0131n\u0131 analiz etmenizi sa\u011flar. \u00d6\u011frencinizin davetinizi nas\u0131l kabul edece\u011fini \u00f6\u011frenmesi i\u00e7in a\u015fa\u011f\u0131daki ba\u011flant\u0131ya t\u0131klayarak ilgili sayfay\u0131 ziyaret edebilirsiniz&#8230;<\/p>\n","protected":false},"author":1,"featured_media":0,"parent":437,"menu_order":0,"comment_status":"closed","ping_status":"closed","template":"","meta":{"footnotes":""},"class_list":["post-413","page","type-page","status-publish","hentry"],"_links":{"self":[{"href":"https:\/\/derstakip.app\/blog\/wp-json\/wp\/v2\/pages\/413","targetHints":{"allow":["GET"]}}],"collection":[{"href":"https:\/\/derstakip.app\/blog\/wp-json\/wp\/v2\/pages"}],"about":[{"href":"https:\/\/derstakip.app\/blog\/wp-json\/wp\/v2\/types\/page"}],"author":[{"embeddable":true,"href":"https:\/\/derstakip.app\/blog\/wp-json\/wp\/v2\/users\/1"}],"replies":[{"embeddable":true,"href":"https:\/\/derstakip.app\/blog\/wp-json\/wp\/v2\/comments?post=413"}],"version-history":[{"count":7,"href":"https:\/\/derstakip.app\/blog\/wp-json\/wp\/v2\/pages\/413\/revisions"}],"predecessor-version":[{"id":436,"href":"https:\/\/derstakip.app\/blog\/wp-json\/wp\/v2\/pages\/413\/revisions\/436"}],"up":[{"embeddable":true,"href":"https:\/\/derstakip.app\/blog\/wp-json\/wp\/v2\/pages\/437"}],"wp:attachment":[{"href":"https:\/\/derstakip.app\/blog\/wp-json\/wp\/v2\/media?parent=413"}],"curies":[{"name":"wp","href":"https:\/\/api.w.org\/{rel}","templated":true}]}}